{"id":9,"date":"2018-08-02T01:08:39","date_gmt":"2018-08-02T01:08:39","guid":{"rendered":"http:\/\/presencialconsultoria.com.br\/?page_id=9"},"modified":"2021-09-11T14:12:33","modified_gmt":"2021-09-11T14:12:33","slug":"contato","status":"publish","type":"page","link":"http:\/\/presencialconsultoria.com.br\/?page_id=9","title":{"rendered":"Perguntas Frequentes"},"content":{"rendered":"\t\t<div data-elementor-type=\"wp-page\" data-elementor-id=\"9\" class=\"elementor elementor-9\" data-elementor-settings=\"[]\">\n\t\t\t\t\t\t\t<div class=\"elementor-section-wrap\">\n\t\t\t\t\t\t\t<section class=\"elementor-section elementor-top-section elementor-element elementor-element-320418a elementor-section-boxed elementor-section-height-default elementor-section-height-default\" data-id=\"320418a\" data-element_type=\"section\">\n\t\t\t\t\t\t<div class=\"elementor-container elementor-column-gap-default\">\n\t\t\t\t\t<div class=\"elementor-column elementor-col-100 elementor-top-column elementor-element elementor-element-2257a8f\" data-id=\"2257a8f\" data-element_type=\"column\">\n\t\t\t<div class=\"elementor-widget-wrap elementor-element-populated\">\n\t\t\t\t\t\t\t\t<div class=\"elementor-element elementor-element-496e4cb elementor-widget elementor-widget-heading\" data-id=\"496e4cb\" data-element_type=\"widget\" data-widget_type=\"heading.default\">\n\t\t\t\t<div class=\"elementor-widget-container\">\n\t\t\t<h2 class=\"elementor-heading-title elementor-size-default\">Perguntas Frequentes<\/h2>\t\t<\/div>\n\t\t\t\t<\/div>\n\t\t\t\t\t<\/div>\n\t\t<\/div>\n\t\t\t\t\t\t\t<\/div>\n\t\t<\/section>\n\t\t\t\t<section class=\"elementor-section elementor-top-section elementor-element elementor-element-627994b elementor-section-boxed elementor-section-height-default elementor-section-height-default\" data-id=\"627994b\" data-element_type=\"section\">\n\t\t\t\t\t\t<div class=\"elementor-container elementor-column-gap-default\">\n\t\t\t\t\t<div class=\"elementor-column elementor-col-100 elementor-top-column elementor-element elementor-element-a821666\" data-id=\"a821666\" data-element_type=\"column\">\n\t\t\t<div class=\"elementor-widget-wrap elementor-element-populated\">\n\t\t\t\t\t\t\t\t<div class=\"elementor-element elementor-element-56b9f33 elementor-widget elementor-widget-accordion\" data-id=\"56b9f33\" data-element_type=\"widget\" data-widget_type=\"accordion.default\">\n\t\t\t\t<div class=\"elementor-widget-container\">\n\t\t\t\t\t<div class=\"elementor-accordion\" role=\"tablist\">\n\t\t\t\t\t\t\t<div class=\"elementor-accordion-item\">\n\t\t\t\t\t<div id=\"elementor-tab-title-9091\" class=\"elementor-tab-title\" data-tab=\"1\" role=\"tab\" aria-controls=\"elementor-tab-content-9091\" aria-expanded=\"false\">\n\t\t\t\t\t\t\t\t\t\t\t\t\t<span class=\"elementor-accordion-icon elementor-accordion-icon-left\" aria-hidden=\"true\">\n\t\t\t\t\t\t\t\t\t\t\t\t\t\t\t<span class=\"elementor-accordion-icon-closed\"><i class=\"fas fa-plus\"><\/i><\/span>\n\t\t\t\t\t\t\t\t<span class=\"elementor-accordion-icon-opened\"><i class=\"fas fa-minus\"><\/i><\/span>\n\t\t\t\t\t\t\t\t\t\t\t\t\t\t<\/span>\n\t\t\t\t\t\t\t\t\t\t\t\t<a class=\"elementor-accordion-title\" href=\"\">O que \u00e9 Licita\u00e7\u00e3o?<\/a>\n\t\t\t\t\t<\/div>\n\t\t\t\t\t<div id=\"elementor-tab-content-9091\" class=\"elementor-tab-content elementor-clearfix\" data-tab=\"1\" role=\"tabpanel\" aria-labelledby=\"elementor-tab-title-9091\"><p>Licita\u00e7\u00e3o \u00e9 procedimento administrativo formal em que a Administra\u00e7\u00e3o Publica convoca, por meio de condi\u00e7\u00f5es estabelecidas em ato pr\u00f3prio (edital ou convite), empresas interessadas na apresenta\u00e7\u00e3o de propostas para o oferecimento de bens e servi\u00e7os. Objetiva garantir a observ\u00e2ncia do principio constitucional da isonomia e a selecionar a proposta mais vantajosa para a Administra\u00e7\u00e3o, de maneira a assegurar oportunidade igual a todos os interessados e a possibilitar o comparecimento ao certame do maior numero poss\u00edvel de concorrentes,<\/p><p>Toda compra de produtos e servi\u00e7os de qualquer \u00f3rg\u00e3o p\u00fablico (Governo Federal, 27 estados da federa\u00e7\u00e3o e os 5.565 munic\u00edpios do Brasil), tem de ser precedida por uma licita\u00e7\u00e3o.<\/p><p>Esse procedimento \u00e9 regido por leis (8.666\/93, 10.520\/02, 123\/07, etc.) e \u00e9 dividido em modalidades, de forma presencial ou eletr\u00f4nica atrav\u00e9s de fases ordenadas.<\/p><\/div>\n\t\t\t\t<\/div>\n\t\t\t\t\t\t\t<div class=\"elementor-accordion-item\">\n\t\t\t\t\t<div id=\"elementor-tab-title-9092\" class=\"elementor-tab-title\" data-tab=\"2\" role=\"tab\" aria-controls=\"elementor-tab-content-9092\" aria-expanded=\"false\">\n\t\t\t\t\t\t\t\t\t\t\t\t\t<span class=\"elementor-accordion-icon elementor-accordion-icon-left\" aria-hidden=\"true\">\n\t\t\t\t\t\t\t\t\t\t\t\t\t\t\t<span class=\"elementor-accordion-icon-closed\"><i class=\"fas fa-plus\"><\/i><\/span>\n\t\t\t\t\t\t\t\t<span class=\"elementor-accordion-icon-opened\"><i class=\"fas fa-minus\"><\/i><\/span>\n\t\t\t\t\t\t\t\t\t\t\t\t\t\t<\/span>\n\t\t\t\t\t\t\t\t\t\t\t\t<a class=\"elementor-accordion-title\" href=\"\">Porque \u00e9 necess\u00e1rio fazer Licita\u00e7\u00e3o?<\/a>\n\t\t\t\t\t<\/div>\n\t\t\t\t\t<div id=\"elementor-tab-content-9092\" class=\"elementor-tab-content elementor-clearfix\" data-tab=\"2\" role=\"tabpanel\" aria-labelledby=\"elementor-tab-title-9092\"><p>A Constitui\u00e7\u00e3o Federal, fundamentou em seu art. 37, inciso XXI, a obrigatoriedade do procedimento licitat\u00f3rio nas contrata\u00e7\u00f5es da administra\u00e7\u00e3o p\u00fablica, e a Lei 8.666\/93, art. 2\u00ba, regulamento os procedimentos, a fim de valer a obrigatoriedade dos mesmos<\/p><\/div>\n\t\t\t\t<\/div>\n\t\t\t\t\t\t\t<div class=\"elementor-accordion-item\">\n\t\t\t\t\t<div id=\"elementor-tab-title-9093\" class=\"elementor-tab-title\" data-tab=\"3\" role=\"tab\" aria-controls=\"elementor-tab-content-9093\" aria-expanded=\"false\">\n\t\t\t\t\t\t\t\t\t\t\t\t\t<span class=\"elementor-accordion-icon elementor-accordion-icon-left\" aria-hidden=\"true\">\n\t\t\t\t\t\t\t\t\t\t\t\t\t\t\t<span class=\"elementor-accordion-icon-closed\"><i class=\"fas fa-plus\"><\/i><\/span>\n\t\t\t\t\t\t\t\t<span class=\"elementor-accordion-icon-opened\"><i class=\"fas fa-minus\"><\/i><\/span>\n\t\t\t\t\t\t\t\t\t\t\t\t\t\t<\/span>\n\t\t\t\t\t\t\t\t\t\t\t\t<a class=\"elementor-accordion-title\" href=\"\">Quem pode vender para o Setor P\u00fablico?<\/a>\n\t\t\t\t\t<\/div>\n\t\t\t\t\t<div id=\"elementor-tab-content-9093\" class=\"elementor-tab-content elementor-clearfix\" data-tab=\"3\" role=\"tabpanel\" aria-labelledby=\"elementor-tab-title-9093\"><p>Qualquer empresa que atenda os requisitos do edital pode contratar com a administra\u00e7\u00e3o p\u00fablica, s\u00f3 \u00e9 necess\u00e1rio estar em dia com os documentos fiscais, e os demais solicitados no edital pertinente ao seu ramo de atividade.<\/p><\/div>\n\t\t\t\t<\/div>\n\t\t\t\t\t\t\t<div class=\"elementor-accordion-item\">\n\t\t\t\t\t<div id=\"elementor-tab-title-9094\" class=\"elementor-tab-title\" data-tab=\"4\" role=\"tab\" aria-controls=\"elementor-tab-content-9094\" aria-expanded=\"false\">\n\t\t\t\t\t\t\t\t\t\t\t\t\t<span class=\"elementor-accordion-icon elementor-accordion-icon-left\" aria-hidden=\"true\">\n\t\t\t\t\t\t\t\t\t\t\t\t\t\t\t<span class=\"elementor-accordion-icon-closed\"><i class=\"fas fa-plus\"><\/i><\/span>\n\t\t\t\t\t\t\t\t<span class=\"elementor-accordion-icon-opened\"><i class=\"fas fa-minus\"><\/i><\/span>\n\t\t\t\t\t\t\t\t\t\t\t\t\t\t<\/span>\n\t\t\t\t\t\t\t\t\t\t\t\t<a class=\"elementor-accordion-title\" href=\"\">Porque contratar a Presencial Consultoria?<\/a>\n\t\t\t\t\t<\/div>\n\t\t\t\t\t<div id=\"elementor-tab-content-9094\" class=\"elementor-tab-content elementor-clearfix\" data-tab=\"4\" role=\"tabpanel\" aria-labelledby=\"elementor-tab-title-9094\"><p>Com a terceiriza\u00e7\u00e3o voc\u00ea conta com uma equipe constitui\u0301da por profissionais que dedicam toda sua experie\u0302ncia, conhecimento e compete\u0302ncia para proporcionar um atendimento personalizado aos nossos clientes, assessorando-os na participac\u0327a\u0303o das licitac\u0327o\u0303es.<\/p><p>Sua empresa tera\u0301 a condic\u0327a\u0303o de participar de um grande nu\u0301mero de propostas com a ma\u0301xima seguranc\u0327a sem necessitar de colaboradores em sua empresa especi\u0301ficos para este fim.<\/p><\/div>\n\t\t\t\t<\/div>\n\t\t\t\t\t\t\t<div class=\"elementor-accordion-item\">\n\t\t\t\t\t<div id=\"elementor-tab-title-9095\" class=\"elementor-tab-title\" data-tab=\"5\" role=\"tab\" aria-controls=\"elementor-tab-content-9095\" aria-expanded=\"false\">\n\t\t\t\t\t\t\t\t\t\t\t\t\t<span class=\"elementor-accordion-icon elementor-accordion-icon-left\" aria-hidden=\"true\">\n\t\t\t\t\t\t\t\t\t\t\t\t\t\t\t<span class=\"elementor-accordion-icon-closed\"><i class=\"fas fa-plus\"><\/i><\/span>\n\t\t\t\t\t\t\t\t<span class=\"elementor-accordion-icon-opened\"><i class=\"fas fa-minus\"><\/i><\/span>\n\t\t\t\t\t\t\t\t\t\t\t\t\t\t<\/span>\n\t\t\t\t\t\t\t\t\t\t\t\t<a class=\"elementor-accordion-title\" href=\"\">Etapas da Licita\u00e7\u00e3o<\/a>\n\t\t\t\t\t<\/div>\n\t\t\t\t\t<div id=\"elementor-tab-content-9095\" class=\"elementor-tab-content elementor-clearfix\" data-tab=\"5\" role=\"tabpanel\" aria-labelledby=\"elementor-tab-title-9095\"><h3 class=\"fonte_especial\">Antes da Licita\u00e7\u00e3o<\/h3><p>An\u00e1lise documental, relat\u00f3rio de mercado, e todo o necess\u00e1rio para tornar nossos parceiros aptos \u00e0 participa\u00e7\u00e3o.<\/p><h3 class=\"fonte_especial\">Durante a Licita\u00e7\u00e3o<\/h3><p>Gest\u00e3o 100% das sess\u00f5es p\u00fablicas, eletr\u00f4nicas ou presenciais, em territ\u00f3rio nacional, com estrat\u00e9gias desenvolvidas em 20 anos de atua\u00e7\u00e3o.<\/p><h3 class=\"fonte_especial\">P\u00f3s Licita\u00e7\u00e3o<\/h3><p>Envio de documenta\u00e7\u00e3o necess\u00e1ria, recursos administrativos ou judicial e gest\u00e3o dos contratos visando correto recebimento junto ao \u00d3rg\u00e3o.<\/p><h3 class=\"fonte_especial\">Complementares a Licita\u00e7\u00e3o<\/h3><p>Relat\u00f3rio de mapeamento do mercado p\u00fablico, desenvolvido exclusivamente pela equipe da Presencial Consultoria, relat\u00f3rio mensal de atua\u00e7\u00e3o e dash-board com vis\u00e3o de neg\u00f3cio.<\/p><\/div>\n\t\t\t\t<\/div>\n\t\t\t\t\t\t\t<div class=\"elementor-accordion-item\">\n\t\t\t\t\t<div id=\"elementor-tab-title-9096\" class=\"elementor-tab-title\" data-tab=\"6\" role=\"tab\" aria-controls=\"elementor-tab-content-9096\" aria-expanded=\"false\">\n\t\t\t\t\t\t\t\t\t\t\t\t\t<span class=\"elementor-accordion-icon elementor-accordion-icon-left\" aria-hidden=\"true\">\n\t\t\t\t\t\t\t\t\t\t\t\t\t\t\t<span class=\"elementor-accordion-icon-closed\"><i class=\"fas fa-plus\"><\/i><\/span>\n\t\t\t\t\t\t\t\t<span class=\"elementor-accordion-icon-opened\"><i class=\"fas fa-minus\"><\/i><\/span>\n\t\t\t\t\t\t\t\t\t\t\t\t\t\t<\/span>\n\t\t\t\t\t\t\t\t\t\t\t\t<a class=\"elementor-accordion-title\" href=\"\">Legal! Gostei e agora como fa\u00e7o?<\/a>\n\t\t\t\t\t<\/div>\n\t\t\t\t\t<div id=\"elementor-tab-content-9096\" class=\"elementor-tab-content elementor-clearfix\" data-tab=\"6\" role=\"tabpanel\" aria-labelledby=\"elementor-tab-title-9096\"><p>Entre em contato conosco para maiores esclarescimentos.<\/p><p>E-mail: menon@presencialconsultoria.com.br<\/p><p>telefone: (41) 997814081<\/p><\/div>\n\t\t\t\t<\/div>\n\t\t\t\t\t<\/div>\n\t\t\t\t<\/div>\n\t\t\t\t<\/div>\n\t\t\t\t\t<\/div>\n\t\t<\/div>\n\t\t\t\t\t\t\t<\/div>\n\t\t<\/section>\n\t\t\t\t\t\t<\/div>\n\t\t\t\t\t<\/div>\n\t\t","protected":false},"excerpt":{"rendered":"<p>Perguntas Frequentes O que \u00e9 Licita\u00e7\u00e3o? Licita\u00e7\u00e3o \u00e9 procedimento administrativo formal em que a Administra\u00e7\u00e3o Publica convoca, por meio de condi\u00e7\u00f5es estabelecidas em ato pr\u00f3prio (edital ou convite), empresas interessadas na apresenta\u00e7\u00e3o de propostas para o oferecimento de bens e servi\u00e7os. Objetiva garantir a observ\u00e2ncia do principio constitucional da isonomia e a selecionar a proposta [&hellip;]<\/p>\n","protected":false},"author":1,"featured_media":0,"parent":0,"menu_order":7,"comment_status":"closed","ping_status":"closed","template":"elementor_header_footer","meta":[],"_links":{"self":[{"href":"http:\/\/presencialconsultoria.com.br\/index.php?rest_route=\/wp\/v2\/pages\/9"}],"collection":[{"href":"http:\/\/presencialconsultoria.com.br\/index.php?rest_route=\/wp\/v2\/pages"}],"about":[{"href":"http:\/\/presencialconsultoria.com.br\/index.php?rest_route=\/wp\/v2\/types\/page"}],"author":[{"embeddable":true,"href":"http:\/\/presencialconsultoria.com.br\/index.php?rest_route=\/wp\/v2\/users\/1"}],"replies":[{"embeddable":true,"href":"http:\/\/presencialconsultoria.com.br\/index.php?rest_route=%2Fwp%2Fv2%2Fcomments&post=9"}],"version-history":[{"count":7,"href":"http:\/\/presencialconsultoria.com.br\/index.php?rest_route=\/wp\/v2\/pages\/9\/revisions"}],"predecessor-version":[{"id":218,"href":"http:\/\/presencialconsultoria.com.br\/index.php?rest_route=\/wp\/v2\/pages\/9\/revisions\/218"}],"wp:attachment":[{"href":"http:\/\/presencialconsultoria.com.br\/index.php?rest_route=%2Fwp%2Fv2%2Fmedia&parent=9"}],"curies":[{"name":"wp","href":"https:\/\/api.w.org\/{rel}","templated":true}]}}